{"id":1607,"date":"2019-10-21T14:34:50","date_gmt":"2019-10-21T12:34:50","guid":{"rendered":"https:\/\/ceccararad.ro\/ro\/?page_id=1607"},"modified":"2020-09-04T15:45:36","modified_gmt":"2020-09-04T13:45:36","slug":"cariera","status":"publish","type":"page","link":"https:\/\/ceccarsatumare.ro\/ro\/cariera\/","title":{"rendered":"Carier\u0103"},"content":{"rendered":"<section   class=\"fw-main-row  auto  fw-section-position-back\"    >\n\t\t\t<div class=\"fw-container\" >\n\t\t<div class=\"fw-row\">\n\t<div id=\"column-69e170db229c7\" class=\"fw-col-sm-12 tf-sh-18685aaec26029a6e19b2d53b0076ba8\" >\n\t<div class=\"fw-wrap-col-inner clearfix  \"   >\n\t\t\t\t<div class=\"fw-col-inner\">\n\t\t\t<div class=\"fw-text-box tf-sh-f748487e091e17fd7d99507ace4c974a \" >\n\t<div class=\"fw-text-inner\">\n\t\t<h3><strong>Sediul\u00a0central<\/strong><\/h3>\n<p>&nbsp;<\/p>\n<p><strong>Angaj\u0103m ASISTENT MANAGER!<\/strong><\/p>\n<p>Suntem \u00een c\u0103utarea unui nou membru al echipei noastre care va ocupa func\u021bia de asistent manager. Dac\u0103 ai minimum studii medii, e\u0219ti prieten cu tehnologia, astfel \u00eenc\u00e2t s\u0103 po\u021bi folosi cu u\u0219urin\u021b\u0103 e-mail-ul, scannerul etc., iar utilizarea pachetului Office nu \u00ee\u021bi pune probleme, ai putea fi viitorul nostru coleg. Toat\u0103 coresponden\u021ba este foarte important\u0103 pentru noi, iar tu te vei asigura de faptul c\u0103 aceasta ajunge la destinatar \u0219i c\u0103 poate fi identificat\u0103 cu u\u0219urin\u021b\u0103 oric\u00e2nd va fi nevoie. Vei fi prima persoan\u0103 cu care membrii no\u0219tri \u2013 exper\u021bi contabili \u0219i contabili autoriza\u021bi \u2013, precum \u0219i oaspe\u021bii vor lua contact \u0219i suntem siguri c\u0103 vei avea grij\u0103 s\u0103 fie primi\u021bi cu un z\u00e2mbet. Vei redacta documente \u0219i vei urm\u0103ri cu aten\u021bie agenda managerului, astfel \u00eenc\u00e2t s\u0103 nu rateze nicio \u00eent\u00e2lnire de lucru. De asemenea, ne-ar fi util ajutorul t\u0103u pentru asigurarea activit\u0103\u021bilor de protocol.<\/p>\n<p>\u00cenainte de a te cunoa\u0219te, s\u0103 \u00ee\u021bi spunem c\u00e2te ceva despre noi. Noi, Corpul Exper\u021bilor Contabili \u0219i Contabililor Autoriza\u021bi din Rom\u00e2nia (CECCAR), suntem singurul organism profesional care ofer\u0103 posibilitatea ob\u021binerii calific\u0103rilor de expert contabil \u0219i de contabil autorizat \u00een Rom\u00e2nia. Avem filiale \u00een toate cele 42 de jude\u021be ale \u021b\u0103rii \u0219i suntem membri ai unora dintre cele mai importante organisme profesionale de profil de la nivel interna\u021bional. Dar mai multe po\u021bi afla de pe site-ul nostru \u2013 <a href=\"http:\/\/www.ceccar.ro\">www.ceccar.ro<\/a> \u2013 \u0219i de pe pagina de Facebook \u2013 <a href=\"https:\/\/www.facebook.com\/ceccar.ro\/\">https:\/\/www.facebook.com\/ceccar.ro\/<\/a>.<\/p>\n<p>Dac\u0103 tu consideri c\u0103 e\u0219ti persoana potrivit\u0103, a\u0219tept\u0103m s\u0103 te prezin\u021bi prin CV-ul t\u0103u ce va fi trimis c\u0103tre <a href=\"mailto:resurseumane@ceccar.ro\">resurseumane@ceccar.ro<\/a>, p\u00e2n\u0103 la data de 06.08.2020. Suntem ner\u0103bd\u0103tori s\u0103 te cunoa\u0219tem!<\/p>\n<p>Pentru persoanele selectate, interviul va avea loc la sediul CECCAR din Bucure\u0219ti, Intrarea Pielari nr. 1, sector 4, \u00een data de 07.08.2020, ora 11.00.<\/p>\n<hr \/>\n<p>&nbsp;<\/p>\n<p><strong>Angaj\u0103m ADMINISTRATOR CL\u0102DIRE!<\/strong><\/p>\n<p>C\u0103ut\u0103m un nou coleg responsabil de administrarea sediului nostru central. Ce vei face?<\/p>\n<p>Vei asigura condi\u0163iile administrative necesare pentru buna desf\u0103\u015furare a \u0219edin\u021belor \u0219i evenimentelor pe care le organiz\u0103m, vei asigura func\u0163ionarea \u00een bune condi\u0163ii a instala\u0163iilor termice, electrice, de salubrizare, a ascensorului etc. Pentru asta va fi necesar ca zilnic s\u0103 verifici starea cl\u0103dirii (interior+exterior) \u0219i s\u0103 propui solu\u021bii pentru rezolvarea problemelor identificate. Un alt aspect la fel de important ca verificarea siguran\u021bei cl\u0103dirii este c\u0103 va trebui s\u0103 urm\u0103re\u0219ti derularea contractelor specifice activit\u0103\u0163ii administrativ-gospod\u0103re\u015fti, s\u0103 te asiguri c\u0103 totul decurge conform planific\u0103rii.<\/p>\n<p>Ai vrea s\u0103 faci parte din echipa noastr\u0103? Pentru acest lucru ai nevoie \u0219i de permis de conducere categoria B.<\/p>\n<p>\u00cenainte de a te cunoa\u0219te, s\u0103 \u00ee\u021bi spunem c\u00e2te ceva despre noi. Noi, Corpul Exper\u021bilor Contabili \u0219i Contabililor Autoriza\u021bi din Rom\u00e2nia (CECCAR), suntem singurul organism profesional care ofer\u0103 posibilitatea ob\u021binerii calific\u0103rilor de expert contabil \u0219i de contabil autorizat \u00een Rom\u00e2nia. Avem filiale \u00een toate cele 42 de jude\u021be ale \u021b\u0103rii \u0219i suntem membri ai unora dintre cele mai importante organisme profesionale de profil de la nivel interna\u021bional. Dar mai multe po\u021bi afla de pe site-ul nostru \u2013 <a href=\"http:\/\/www.ceccar.ro\">www.ceccar.ro<\/a> \u2013 \u0219i de pe pagina de Facebook \u2013 <a href=\"https:\/\/www.facebook.com\/ceccar.ro\/\">https:\/\/www.facebook.com\/ceccar.ro\/<\/a>.<\/p>\n<p>Dac\u0103 tu consideri c\u0103 e\u0219ti persoana potrivit\u0103, a\u0219tept\u0103m s\u0103 te prezin\u021bi prin CV-ul t\u0103u ce va fi trimis c\u0103tre <a href=\"mailto:resurseumane@ceccar.ro\">resurseumane@ceccar.ro<\/a>, p\u00e2n\u0103 la data de 06.08.2020. Suntem ner\u0103bd\u0103tori s\u0103 te cunoa\u0219tem!<\/p>\n<p>Pentru persoanele selectate, interviul va avea loc la sediul CECCAR din Bucure\u0219ti, Intrarea Pielari nr. 1, sector 4, \u00een data de 07.08.2020, ora 11.00.<\/p>\n<hr \/>\n<p>&nbsp;<\/p>\n<p><strong>SEDIUL CENTRAL<\/strong><\/p>\n<p>Corpul Exper\u021bilor Contabili \u0219i Contabililor Autoriza\u021bi din Rom\u00e2nia organizeaz\u0103 concurs, la sediul Aparatului Central \u00a0din Bucure\u0219ti, str. Intrarea Pielari nr. 1, sector 4,\u00a0\u00een vederea ocup\u0103rii postului de consilier juridic \u00a0\u00een cadrul Direc\u021biei Juridice, Resurse Umane \u0219i Achizi\u021bii. (detalii, <a href=\"https:\/\/ceccar.ro\/ro\/?page_id=18979\" target=\"_blank\" rel=\"noopener noreferrer\">aici<\/a>)<\/p>\n<hr \/>\n<p>&nbsp;<\/p>\n<p><strong>FILIALA CECCAR BIHOR<\/strong><\/p>\n<p>Corpul Exper\u021bilor Contabili \u0219i Contabililor Autoriza\u021bi din Rom\u00e2nia organizeaz\u0103 concurs, la sediul Filialei CECCAR Bihor din Str. Emanuil Gojdu nr. 29, bl. A9, et. 1, jud. Bihor, \u00een vederea ocup\u0103rii unui post de\u00a0secretar\u00a0pe perioada determinata \u0219i program de lucru de 8 ore\/zi.\u00a0(detalii,\u00a0<a href=\"https:\/\/ceccar.ro\/ro\/?page_id=18986\" target=\"_blank\" rel=\"noopener noreferrer\">aici<\/a>)<\/p>\n\t<\/div>\n<\/div>\t\t<\/div>\n\t<\/div>\n<\/div><\/div>\n\n\t<\/div>\n\t<\/section>\n","protected":false},"excerpt":{"rendered":"<p>Sediul\u00a0central &nbsp; Angaj\u0103m ASISTENT MANAGER! Suntem \u00een c\u0103utarea unui nou membru al echipei noastre care va ocupa func\u021bia de asistent manager. Dac\u0103 ai minimum studii medii, e\u0219ti prieten cu tehnologia, astfel \u00eenc\u00e2t s\u0103 po\u021bi folosi [&hellip;]<\/p>\n","protected":false},"author":1,"featured_media":0,"parent":0,"menu_order":0,"comment_status":"closed","ping_status":"closed","template":"brizy-blank-template.php","meta":{"footnotes":""},"class_list":["post-1607","page","type-page","status-publish","hentry"],"brizy_media":[],"_links":{"self":[{"href":"https:\/\/ceccarsatumare.ro\/ro\/wp-json\/wp\/v2\/pages\/1607","targetHints":{"allow":["GET"]}}],"collection":[{"href":"https:\/\/ceccarsatumare.ro\/ro\/wp-json\/wp\/v2\/pages"}],"about":[{"href":"https:\/\/ceccarsatumare.ro\/ro\/wp-json\/wp\/v2\/types\/page"}],"author":[{"embeddable":true,"href":"https:\/\/ceccarsatumare.ro\/ro\/wp-json\/wp\/v2\/users\/1"}],"replies":[{"embeddable":true,"href":"https:\/\/ceccarsatumare.ro\/ro\/wp-json\/wp\/v2\/comments?post=1607"}],"version-history":[{"count":7,"href":"https:\/\/ceccarsatumare.ro\/ro\/wp-json\/wp\/v2\/pages\/1607\/revisions"}],"predecessor-version":[{"id":4177,"href":"https:\/\/ceccarsatumare.ro\/ro\/wp-json\/wp\/v2\/pages\/1607\/revisions\/4177"}],"wp:attachment":[{"href":"https:\/\/ceccarsatumare.ro\/ro\/wp-json\/wp\/v2\/media?parent=1607"}],"curies":[{"name":"wp","href":"https:\/\/api.w.org\/{rel}","templated":true}]}}